{"id":538,"date":"2024-09-15T18:04:05","date_gmt":"2024-09-15T16:04:05","guid":{"rendered":"https:\/\/bauchtanzmitsusanne.de\/?page_id=538"},"modified":"2025-10-26T13:24:25","modified_gmt":"2025-10-26T12:24:25","slug":"home","status":"publish","type":"page","link":"https:\/\/bauchtanzmitsusanne.de\/","title":{"rendered":"HOME"},"content":{"rendered":"\n<figure class=\"wp-block-image size-full\"><a href=\"https:\/\/bauchtanzmitsusanne.de\/wp-content\/uploads\/2025\/10\/IMG_2616-1.png\"><img loading=\"lazy\" decoding=\"async\" width=\"576\" height=\"384\" src=\"https:\/\/bauchtanzmitsusanne.de\/wp-content\/uploads\/2025\/10\/IMG_2616-1.png\" alt=\"\" class=\"wp-image-592\" srcset=\"https:\/\/bauchtanzmitsusanne.de\/wp-content\/uploads\/2025\/10\/IMG_2616-1.png 576w, https:\/\/bauchtanzmitsusanne.de\/wp-content\/uploads\/2025\/10\/IMG_2616-1-300x200.png 300w\" sizes=\"auto, (max-width: 576px) 100vw, 576px\" \/><\/a><\/figure>\n\n\n\n<h2 class=\"wp-block-heading\">10. Benefizbauchtanzfest 06. September 2025<\/h2>\n\n\n\n<p>Mehr als 50 T\u00e4nzerinnen haben die B\u00fchne zum Beben gebracht und mit megaunterschiedlichsten T\u00e4nzen, Kost\u00fcmen und kreativer Musikauswahl gezeigt, was der Orientalische Tanz so alles kann. Ob klassisch orientalisch, lyrisch und bewegend oder \u201em\u00e4nnlich\u201c, es war einfach nur SUPER!!!!!!<\/p>\n\n\n\n<p>Besonderen Dank an meinem Moderator\/Interviewer\/DJ Andreas, seinem Co-Piloten Maurice, meiner Referentin f\u00fcr \u00d6ffentlichkeitsarbeit Michelle, dem Herr der Kamera Marc, dem Thekendienst um Chefs Philipp und Tim, dem Dekoteam um Creativmanagerin Tanja, dem Auf-, Abbau- und Putzteam und allen sonstigen Helfer, Helferinnen und Helferlein!! Ohne Euch alle w\u00e4re das Fest nicht m\u00f6glich. DANKEDANKEDANKE!!!! Nach bisherigen Hochrechnung kann KohKi (Kontaktgruppe herzkranker Kinder Mainz e.V. ) mit ca.xxxx Euro rechnen, um weiterhin f\u00fcr die Herzkinder und ihre Familien da zu sein. Betrag ist bis zur \u00dcbergabe geheim <\/p>\n\n\n\n<h2 class=\"wp-block-heading\">SAVE the DATE: <\/h2>\n\n\n\n<h2 class=\"wp-block-heading\">11. Benefizbauchtanzfest am 05. September 2026 !!<\/h2>\n\n\n\n<p>\u201cAndradin und seine Wunderlampe\u201c<\/p>\n\n\n\n<p>Birkenberghalle, Roxheim (Krs. Bad Kreuznach)<\/p>\n\n\n\n<h2 class=\"wp-block-heading\">********************************<\/h2>\n\n\n\n<p><strong>Vergesst die Hektik des Tages,<\/strong><\/p>\n\n\n\n<p><strong>tanzt Euch frei!<\/strong><\/p>\n\n\n\n<p><strong>Lernt die weichen und sehr weiblichen Bewegungen und f\u00fchlt, wie die Bewegungen Euren K\u00f6rper und Eure innere St\u00e4rke kr\u00e4ftigen.<\/strong><\/p>\n\n\n\n<p>Neue Kurse starten im Januar 2026 (siehe KURSE)<\/p>\n\n\n\n<p>Workshops<\/p>\n\n\n\n<p>M\u00e4rz 2026: Hula und Tahitianischer Tanz mit externer Dozentin<\/p>\n\n\n\n<p>Mai 2026: evtl. Workshop Kulturscheune Simmertal<\/p>\n\n\n\n<p>15.08.2026: Kids <\/p>\n\n\n\n<p>15.08.2026: Erwachsene <\/p>\n\n\n\n<p>Jahresabschluss: 28.11.2026<\/p>\n\n\n\n<p><\/p>\n\n\n\n<p><\/p>\n\n\n\n<p><\/p>\n\n\n\n<p><\/p>\n\n\n\n<h2 class=\"wp-block-heading\"><\/h2>\n\n\n\n<p><\/p>\n\n\n\n<p><\/p>\n\n\n\n<p><\/p>\n\n\n\n<p><\/p>\n\n\n\n<p><\/p>\n\n\n\n<h2 class=\"wp-block-heading\"><\/h2>\n\n\n\n<p><\/p>\n\n\n\n<p><\/p>\n\n\n\n<p><\/p>\n\n\n\n<p><\/p>\n\n\n\n<p><\/p>\n\n\n\n<p><\/p>\n\n\n\n<p><\/p>\n\n\n\n<p><\/p>\n\n\n\n<p><\/p>\n\n\n\n<p><\/p>\n\n\n\n<p><\/p>\n\n\n\n<p><\/p>\n\n\n\n<h2 class=\"wp-block-heading\"><\/h2>\n\n\n\n<p><\/p>\n\n\n\n<p><\/p>\n\n\n\n<p><\/p>\n\n\n\n<p><\/p>\n\n\n\n<p><\/p>\n\n\n\n<p><\/p>\n\n\n\n<p><\/p>\n\n\n\n<p><\/p>\n\n\n\n<p><\/p>\n\n\n\n<p><\/p>\n\n\n\n<p><\/p>\n\n\n\n<p><\/p>\n\n\n\n<p><\/p>\n","protected":false},"excerpt":{"rendered":"<p>10. Benefizbauchtanzfest 06. September 2025 Mehr als 50 T\u00e4nzerinnen haben die B\u00fchne zum Beben gebracht und mit megaunterschiedlichsten T\u00e4nzen, Kost\u00fcmen und kreativer Musikauswahl gezeigt, was der Orientalische Tanz so alles kann. Ob klassisch orientalisch, lyrisch und bewegend oder \u201em\u00e4nnlich\u201c, es war einfach nur SUPER!!!!!! Besonderen Dank an meinem Moderator\/Interviewer\/DJ Andreas, seinem Co-Piloten Maurice, meiner Referentin [&hellip;]<\/p>\n","protected":false},"author":1,"featured_media":0,"parent":0,"menu_order":1,"comment_status":"closed","ping_status":"closed","template":"","meta":{"footnotes":""},"class_list":["post-538","page","type-page","status-publish","hentry"],"_links":{"self":[{"href":"https:\/\/bauchtanzmitsusanne.de\/index.php?rest_route=\/wp\/v2\/pages\/538","targetHints":{"allow":["GET"]}}],"collection":[{"href":"https:\/\/bauchtanzmitsusanne.de\/index.php?rest_route=\/wp\/v2\/pages"}],"about":[{"href":"https:\/\/bauchtanzmitsusanne.de\/index.php?rest_route=\/wp\/v2\/types\/page"}],"author":[{"embeddable":true,"href":"https:\/\/bauchtanzmitsusanne.de\/index.php?rest_route=\/wp\/v2\/users\/1"}],"replies":[{"embeddable":true,"href":"https:\/\/bauchtanzmitsusanne.de\/index.php?rest_route=%2Fwp%2Fv2%2Fcomments&post=538"}],"version-history":[{"count":27,"href":"https:\/\/bauchtanzmitsusanne.de\/index.php?rest_route=\/wp\/v2\/pages\/538\/revisions"}],"predecessor-version":[{"id":598,"href":"https:\/\/bauchtanzmitsusanne.de\/index.php?rest_route=\/wp\/v2\/pages\/538\/revisions\/598"}],"wp:attachment":[{"href":"https:\/\/bauchtanzmitsusanne.de\/index.php?rest_route=%2Fwp%2Fv2%2Fmedia&parent=538"}],"curies":[{"name":"wp","href":"https:\/\/api.w.org\/{rel}","templated":true}]}}