{"id":183,"date":"2013-12-08T13:45:05","date_gmt":"2013-12-08T12:45:05","guid":{"rendered":"http:\/\/bauchtanzmitsusanne.de\/?page_id=183"},"modified":"2020-06-08T11:55:23","modified_gmt":"2020-06-08T09:55:23","slug":"ueber-mich","status":"publish","type":"page","link":"https:\/\/bauchtanzmitsusanne.de\/?page_id=183","title":{"rendered":"\u00dcber mich"},"content":{"rendered":"<h3 style=\"text-align: justify;\"><span style=\"color: #993300;\">1999 versuchte ich mich das erste Mal am Bauchtanz. Ich belegte mit Skepsis einen Anf\u00e4ngerkurs. <\/span><br \/>\n<span style=\"color: #993300;\">Mich erwarteten ungew\u00f6hnliche Bewegungen und noch ungew\u00f6hnlichere Musik. Aber mit jeder \u00dcbungsstunde wuchs der Spa\u00df an diesen Bewegungen. Sich frei tanzen, weiblicher f\u00fchlen. <\/span><br \/>\n<span style=\"color: #993300;\">Mit diversen zeitlichen Unterbrechungen tanze ich seit dem mit wachsender Begeisterung. Der Tanz hilft mir meinem h\u00e4ufig stressigen Job entgegen zu treten. In Zeiten des Wandels meiner famili\u00e4ren Situation hat mir der Tanz geholfen klarer zu denken, weil ich beim Tanzen abschalten und meine Gedanken sortieren konnte. <\/span><br \/>\n<span style=\"color: #993300;\">Diese Begeisterung an der Bewegung m\u00f6chte ich weitergeben. Die M\u00f6glichkeit sich frei zu tanzen\u2026abschalten zu k\u00f6nnen\u2026sich weiblicher zu f\u00fchlen.<\/span><\/h3>\n","protected":false},"excerpt":{"rendered":"<p>1999 versuchte ich mich das erste Mal am Bauchtanz. Ich belegte mit Skepsis einen Anf\u00e4ngerkurs. Mich erwarteten ungew\u00f6hnliche Bewegungen und noch ungew\u00f6hnlichere Musik. Aber mit jeder \u00dcbungsstunde wuchs der Spa\u00df an diesen Bewegungen. Sich frei tanzen, weiblicher f\u00fchlen. Mit diversen zeitlichen Unterbrechungen tanze ich seit dem mit wachsender Begeisterung. Der Tanz hilft mir meinem h\u00e4ufig [&hellip;]<\/p>\n","protected":false},"author":2,"featured_media":0,"parent":0,"menu_order":0,"comment_status":"closed","ping_status":"open","template":"","meta":{"footnotes":""},"class_list":["post-183","page","type-page","status-publish","hentry"],"_links":{"self":[{"href":"https:\/\/bauchtanzmitsusanne.de\/index.php?rest_route=\/wp\/v2\/pages\/183","targetHints":{"allow":["GET"]}}],"collection":[{"href":"https:\/\/bauchtanzmitsusanne.de\/index.php?rest_route=\/wp\/v2\/pages"}],"about":[{"href":"https:\/\/bauchtanzmitsusanne.de\/index.php?rest_route=\/wp\/v2\/types\/page"}],"author":[{"embeddable":true,"href":"https:\/\/bauchtanzmitsusanne.de\/index.php?rest_route=\/wp\/v2\/users\/2"}],"replies":[{"embeddable":true,"href":"https:\/\/bauchtanzmitsusanne.de\/index.php?rest_route=%2Fwp%2Fv2%2Fcomments&post=183"}],"version-history":[{"count":3,"href":"https:\/\/bauchtanzmitsusanne.de\/index.php?rest_route=\/wp\/v2\/pages\/183\/revisions"}],"predecessor-version":[{"id":188,"href":"https:\/\/bauchtanzmitsusanne.de\/index.php?rest_route=\/wp\/v2\/pages\/183\/revisions\/188"}],"wp:attachment":[{"href":"https:\/\/bauchtanzmitsusanne.de\/index.php?rest_route=%2Fwp%2Fv2%2Fmedia&parent=183"}],"curies":[{"name":"wp","href":"https:\/\/api.w.org\/{rel}","templated":true}]}}