{"id":168,"date":"2013-12-07T00:21:45","date_gmt":"2013-12-06T23:21:45","guid":{"rendered":"http:\/\/bauchtanzmitsusanne.de\/?page_id=168"},"modified":"2024-09-15T18:39:29","modified_gmt":"2024-09-15T16:39:29","slug":"links","status":"publish","type":"page","link":"https:\/\/bauchtanzmitsusanne.de\/?page_id=168","title":{"rendered":"Links"},"content":{"rendered":"<p><span style=\"color: #ff0000;\">Mit dem Urteil vom 12. Mai 1998 hat das Landgericht Hamburg entschieden, dass man durch die Anbringung eines Links die Inhalte der gelinkten Seiten ggf. mit zu verantworten hat. Dies kann nur dadurch verhindert werden, dass man sich ausdr\u00fccklich von diesem Inhalt distanziert.<\/span><\/p>\n<p><span style=\"color: #ff0000;\">F\u00fcr alle Links auf dieser Homepage gilt: Ich<\/span><span style=\"color: #ff0000;\"> distanziere mich hiermit ausdr\u00fccklich von allen Inhalten aller verlinkten Seitenadressen auf meiner Homepage und mache mir diese Inhalte nicht zu eigen.<\/span><\/p>\n<h2><\/h2>\n<h2><a href=\"http:\/\/www.galerie-spitzlay.de\"><span style=\"color: #993366;\">www.galerie-spitzlay.de<\/span><\/a><\/h2>\n<p>&nbsp;<\/p>\n<p><span style=\"color: #ff0000;\"><a href=\"http:\/\/www.ginni.de\"><img loading=\"lazy\" decoding=\"async\" class=\"alignnone size-medium wp-image-290\" src=\"http:\/\/bauchtanzmitsusanne.de\/wp-content\/uploads\/2013\/12\/ginni_banner_gro\u00df-300x212.jpg\" alt=\"ginni_banner_gro\u00df\" width=\"300\" height=\"212\" srcset=\"https:\/\/bauchtanzmitsusanne.de\/wp-content\/uploads\/2013\/12\/ginni_banner_gro\u00df-300x212.jpg 300w, https:\/\/bauchtanzmitsusanne.de\/wp-content\/uploads\/2013\/12\/ginni_banner_gro\u00df-36x25.jpg 36w, https:\/\/bauchtanzmitsusanne.de\/wp-content\/uploads\/2013\/12\/ginni_banner_gro\u00df-90x63.jpg 90w, https:\/\/bauchtanzmitsusanne.de\/wp-content\/uploads\/2013\/12\/ginni_banner_gro\u00df-150x106.jpg 150w, https:\/\/bauchtanzmitsusanne.de\/wp-content\/uploads\/2013\/12\/ginni_banner_gro\u00df-32x22.jpg 32w, https:\/\/bauchtanzmitsusanne.de\/wp-content\/uploads\/2013\/12\/ginni_banner_gro\u00df.jpg 819w\" sizes=\"auto, (max-width: 300px) 100vw, 300px\" \/><\/a><\/span><\/p>\n<p>&nbsp;<\/p>\n","protected":false},"excerpt":{"rendered":"<p>Mit dem Urteil vom 12. Mai 1998 hat das Landgericht Hamburg entschieden, dass man durch die Anbringung eines Links die Inhalte der gelinkten Seiten ggf. mit zu verantworten hat. Dies kann nur dadurch verhindert werden, dass man sich ausdr\u00fccklich von diesem Inhalt distanziert. F\u00fcr alle Links auf dieser Homepage gilt: Ich distanziere mich hiermit ausdr\u00fccklich [&hellip;]<\/p>\n","protected":false},"author":2,"featured_media":0,"parent":0,"menu_order":0,"comment_status":"closed","ping_status":"open","template":"","meta":{"footnotes":""},"class_list":["post-168","page","type-page","status-publish","hentry"],"_links":{"self":[{"href":"https:\/\/bauchtanzmitsusanne.de\/index.php?rest_route=\/wp\/v2\/pages\/168","targetHints":{"allow":["GET"]}}],"collection":[{"href":"https:\/\/bauchtanzmitsusanne.de\/index.php?rest_route=\/wp\/v2\/pages"}],"about":[{"href":"https:\/\/bauchtanzmitsusanne.de\/index.php?rest_route=\/wp\/v2\/types\/page"}],"author":[{"embeddable":true,"href":"https:\/\/bauchtanzmitsusanne.de\/index.php?rest_route=\/wp\/v2\/users\/2"}],"replies":[{"embeddable":true,"href":"https:\/\/bauchtanzmitsusanne.de\/index.php?rest_route=%2Fwp%2Fv2%2Fcomments&post=168"}],"version-history":[{"count":19,"href":"https:\/\/bauchtanzmitsusanne.de\/index.php?rest_route=\/wp\/v2\/pages\/168\/revisions"}],"predecessor-version":[{"id":575,"href":"https:\/\/bauchtanzmitsusanne.de\/index.php?rest_route=\/wp\/v2\/pages\/168\/revisions\/575"}],"wp:attachment":[{"href":"https:\/\/bauchtanzmitsusanne.de\/index.php?rest_route=%2Fwp%2Fv2%2Fmedia&parent=168"}],"curies":[{"name":"wp","href":"https:\/\/api.w.org\/{rel}","templated":true}]}}